{"id":13,"date":"2025-11-07T03:41:34","date_gmt":"2025-11-07T03:41:34","guid":{"rendered":"https:\/\/findm.vn\/?page_id=13"},"modified":"2025-11-07T04:20:19","modified_gmt":"2025-11-07T04:20:19","slug":"13-2","status":"publish","type":"page","link":"https:\/\/findm.vn\/index.php\/13-2\/","title":{"rendered":"D"},"content":{"rendered":"\n<div class=\"wp-block-group has-global-padding is-layout-constrained wp-block-group-is-layout-constrained\">\n\n\n<h1 class=\"wp-block-heading\">Template Excel \u2013 T\u00e0i li\u1ec7u t\u1ea3i v\u1ec1<\/h1>\n\n\n\n<p class=\"has-large-font-size\">D\u01b0\u1edbi \u0111\u00e2y l\u00e0 c\u00e1c m\u1eabu Excel t\u00f4i chia s\u1ebb mi\u1ec5n ph\u00ed: DCF, FCF, ph\u00e2n t\u00edch BCTC, m\u00f4 h\u00ecnh v\u1ed1n, b\u00e1o c\u00e1o t\u00e0i ch\u00ednh\u2026<\/p>\n\n\n\n<div class=\"wp-block-columns is-layout-flex wp-container-core-columns-is-layout-92515837 wp-block-columns-is-layout-flex\">\n<div class=\"wp-block-column is-layout-flow wp-block-column-is-layout-flow\">\n<div class=\"wp-block-group card is-layout-flow wp-container-core-group-is-layout-fe0e2ea3 wp-block-group-is-layout-flow\" style=\"border-color:#eeeeee;border-width:1px;padding:20px\">\n\n\n<h3 class=\"wp-block-heading\">\ud83d\udcca Free Cash Flow Model (FCF)<\/h3>\n\n\n\n<p>M\u00f4 h\u00ecnh x\u00e1c \u0111\u1ecbnh d\u00f2ng ti\u1ec1n t\u1ef1 do, t\u00e1i \u0111\u1ea7u t\u01b0, ROIC, gi\u00e1 tr\u1ecb n\u1ed9i t\u1ea1i.<\/p>\n\n\n\n<div class=\"wp-block-button\"><a class=\"wp-block-button__link has-white-color has-black-background-color wp-element-button\" href=\"#\">T\u1ea3i xu\u1ed1ng<\/a><\/div>\n\n\n<\/div>\n<\/div>\n\n\n\n<div class=\"wp-block-column is-layout-flow wp-block-column-is-layout-flow\">\n<div class=\"wp-block-group card is-layout-flow wp-block-group-is-layout-flow\" style=\"border-color:#eeeeee;border-width:1px;padding:20px\">\n\n\n<h3 class=\"wp-block-heading\">\ud83d\udcc8 DCF Valuation<\/h3>\n\n\n\n<p>M\u1eabu \u0111\u1ecbnh gi\u00e1 doanh nghi\u1ec7p \u0111\u01a1n gi\u1ea3n \u2013 r\u00f5 r\u00e0ng \u2013 chu\u1ea9n CFA.<\/p>\n\n\n\n<div class=\"wp-block-button\"><a class=\"wp-block-button__link has-white-color has-black-background-color wp-element-button\" href=\"#\">T\u1ea3i xu\u1ed1ng<\/a><\/div>\n\n\n<\/div>\n<\/div>\n\n\n\n<div class=\"wp-block-column is-layout-flow wp-block-column-is-layout-flow\">\n<div class=\"wp-block-group card is-layout-flow wp-block-group-is-layout-flow\" style=\"border-color:#eeeeee;border-width:1px;padding:20px\">\n\n\n<h3 class=\"wp-block-heading\">\ud83e\uddee Ph\u00e2n t\u00edch b\u00e1o c\u00e1o t\u00e0i ch\u00ednh (Harvard)<\/h3>\n\n\n\n<p>M\u1eabu ph\u00e2n t\u00edch ngang\/d\u1ecdc, t\u1ef7 s\u1ed1 t\u00e0i ch\u00ednh, chu k\u1ef3 chuy\u1ec3n \u0111\u1ed5i ti\u1ec1n m\u1eb7t.<\/p>\n\n\n\n<div class=\"wp-block-button\"><a class=\"wp-block-button__link has-white-color has-black-background-color wp-element-button\" href=\"#\">T\u1ea3i xu\u1ed1ng<\/a><\/div>\n\n\n<\/div>\n<\/div>\n<\/div>\n\n\n<\/div>\n\n","protected":false},"excerpt":{"rendered":"<p>Template Excel \u2013 T\u00e0i li\u1ec7u t\u1ea3i v\u1ec1 D\u01b0\u1edbi \u0111\u00e2y l\u00e0 c\u00e1c m\u1eabu Excel t\u00f4i chia s\u1ebb mi\u1ec5n ph\u00ed: DCF, FCF, ph\u00e2n t\u00edch BCTC, m\u00f4 h\u00ecnh v\u1ed1n, b\u00e1o c\u00e1o t\u00e0i ch\u00ednh\u2026 \ud83d\udcca Free Cash Flow Model (FCF) M\u00f4 h\u00ecnh x\u00e1c \u0111\u1ecbnh d\u00f2ng ti\u1ec1n t\u1ef1 do, t\u00e1i \u0111\u1ea7u t\u01b0, ROIC, gi\u00e1 tr\u1ecb n\u1ed9i t\u1ea1i. \ud83d\udcc8 DCF Valuation [&hellip;]<\/p>\n","protected":false},"author":1,"featured_media":0,"parent":0,"menu_order":4,"comment_status":"closed","ping_status":"closed","template":"","meta":{"_kadence_starter_templates_imported_post":false,"footnotes":""},"class_list":["post-13","page","type-page","status-publish","hentry"],"_links":{"self":[{"href":"https:\/\/findm.vn\/index.php\/wp-json\/wp\/v2\/pages\/13","targetHints":{"allow":["GET"]}}],"collection":[{"href":"https:\/\/findm.vn\/index.php\/wp-json\/wp\/v2\/pages"}],"about":[{"href":"https:\/\/findm.vn\/index.php\/wp-json\/wp\/v2\/types\/page"}],"author":[{"embeddable":true,"href":"https:\/\/findm.vn\/index.php\/wp-json\/wp\/v2\/users\/1"}],"replies":[{"embeddable":true,"href":"https:\/\/findm.vn\/index.php\/wp-json\/wp\/v2\/comments?post=13"}],"version-history":[{"count":4,"href":"https:\/\/findm.vn\/index.php\/wp-json\/wp\/v2\/pages\/13\/revisions"}],"predecessor-version":[{"id":28,"href":"https:\/\/findm.vn\/index.php\/wp-json\/wp\/v2\/pages\/13\/revisions\/28"}],"wp:attachment":[{"href":"https:\/\/findm.vn\/index.php\/wp-json\/wp\/v2\/media?parent=13"}],"curies":[{"name":"wp","href":"https:\/\/api.w.org\/{rel}","templated":true}]}}